{"id":671,"date":"2023-06-21T11:29:38","date_gmt":"2023-06-21T11:29:38","guid":{"rendered":"https:\/\/bitcoinneonx.com\/about-us\/"},"modified":"2025-07-03T10:08:47","modified_gmt":"2025-07-03T10:08:47","slug":"about-us","status":"publish","type":"page","link":"https:\/\/bitcoinneonx.com\/da\/about-us\/","title":{"rendered":"Om os"},"content":{"rendered":"<h2 class=\"text-xl font-bold text-text-100 mt-1 -mb-0.5\">Din Betroede Partner til Kryptohandel<\/h2>\n<p class=\"whitespace-pre-wrap break-words\">Easy Edge Index er din betroede partner inden for kryptohandel og -uddannelse. Vi styrker handlende p\u00e5 alle niveauer med den viden, de v\u00e6rkt\u00f8jer og strategier, der er n\u00f8dvendige for at lykkes p\u00e5 nutidens hurtigt bev\u00e6gende kryptomarkeder. Uanset om du tager dine f\u00f8rste skridt eller finpudser din tilgang, guider vi dig p\u00e5 hele rejsen.<\/p>\n<h2 class=\"text-xl font-bold text-text-100 mt-1 -mb-0.5\">Vores Historie<\/h2>\n<p class=\"whitespace-pre-wrap break-words\">Easy Edge Index blev grundlagt af et team af erfarne tradere, undervisere og teknologieksperter forenet om \u00e9n mission: at g\u00f8re kryptohandel enkel, tilg\u00e6ngelig og profitabel.<\/p>\n<p class=\"whitespace-pre-wrap break-words\">Vi identificerede et afg\u00f8rende hul p\u00e5 markedet. P\u00e5 trods af mange muligheder var klar og p\u00e5lidelig uddannelse en mangelvare. Alt for mange begyndere gik ind p\u00e5 markedet uden ordentlig vejledning, hvilket f\u00f8rte til dyre fejltagelser. Easy Edge Index blev skabt for at \u00e6ndre dette.<\/p>\n<p class=\"whitespace-pre-wrap break-words\">Vores platform kombinerer mange \u00e5rs markedserfaring med dokumenterede undervisningsmetoder. I dag st\u00e5r Easy Edge Index som et anerkendt navn inden for kryptoundervisning og intelligent handel, og vi udvikler os l\u00f8bende for at st\u00f8tte vores voksende, globale f\u00e6llesskab.<\/p>\n<h2 class=\"text-xl font-bold text-text-100 mt-1 -mb-0.5\">Baggrunden for Kryptovaluta<\/h2>\n<p class=\"whitespace-pre-wrap break-words\">Bitcoin blev lanceret i 2009, skabt af Satoshi Nakamoto med en banebrydende vision: en decentraliseret digital valuta fri for banker og statslig kontrol.<\/p>\n<p class=\"whitespace-pre-wrap break-words\">Denne innovation introducerede blockchain-teknologien \u2013 en gennemsigtig og manipulationssikker hovedbog til registrering af alle transaktioner. Kryptouniverset voksede hurtigt derefter:<\/p>\n<p class=\"whitespace-pre-wrap break-words\">Ethereum bragte smarte kontrakter og decentraliserede applikationer. Litecoin, Ripple og Cardano tilf\u00f8jede hver is\u00e6r unikke funktioner, som udvidede mulighederne for blockchain.<\/p>\n<p class=\"whitespace-pre-wrap break-words\">I dag tilbyder tusindvis af kryptoaktiver et utal af handelsmuligheder.<\/p>\n<h2 class=\"text-xl font-bold text-text-100 mt-1 -mb-0.5\">Vores Tre S\u00f8jler for Succes<\/h2>\n<h3 class=\"text-lg font-bold text-text-100 mt-1 -mb-1.5\">Uddannelse: Viden, der Skaber Overskud<\/h3>\n<p class=\"whitespace-pre-wrap break-words\">Vores platform tilbyder l\u00e6ringsv\u00e6rkt\u00f8jer for alle niveauer af erfaring:<\/p>\n<ul class=\"[&amp;:not(:last-child)_ul]:pb-1 [&amp;:not(:last-child)_ol]:pb-1 list-disc space-y-1.5 pl-7\">\n<li class=\"whitespace-normal break-words\">Krypto-grundl\u00e6ggende: Blockchain, wallets og centrale begreber<\/li>\n<li class=\"whitespace-normal break-words\">Teknisk Analyse: Diagraml\u00e6sning, m\u00f8nstre og vigtige indikatorer<\/li>\n<li class=\"whitespace-normal break-words\">Handelsstrategier: Daytrading, swingtrading og langsigtet investering<\/li>\n<li class=\"whitespace-normal break-words\">Risikostyring: Beskyttelse af kapital under volatile markedsforhold<\/li>\n<\/ul>\n<p class=\"whitespace-pre-wrap break-words\">Udvikl dig fra begynder til professionel i dit eget tempo.<\/p>\n<h3 class=\"text-lg font-bold text-text-100 mt-1 -mb-1.5\">F\u00e6llesskab: Styrke gennem F\u00e6llesskab<\/h3>\n<p class=\"whitespace-pre-wrap break-words\">Bliv en del af vores engagerede community af kryptohandlere gennem:<\/p>\n<ul class=\"[&amp;:not(:last-child)_ul]:pb-1 [&amp;:not(:last-child)_ol]:pb-1 list-disc space-y-1.5 pl-7\">\n<li class=\"whitespace-normal break-words\">Diskussionsfora<\/li>\n<li class=\"whitespace-normal break-words\">Live-webinarer<\/li>\n<li class=\"whitespace-normal break-words\">Sp\u00f8rgsm\u00e5l &amp; svar-sessioner<\/li>\n<li class=\"whitespace-normal break-words\">Grupper til deling af strategier<\/li>\n<\/ul>\n<p class=\"whitespace-pre-wrap break-words\">F\u00e5 st\u00f8tte fra ligesindede tradere, mens vores ekspertteam altid st\u00e5r klar til at besvare dine sp\u00f8rgsm\u00e5l.<\/p>\n<h3 class=\"text-lg font-bold text-text-100 mt-1 -mb-1.5\">Strategi: Din Konkurrencefordel<\/h3>\n<p class=\"whitespace-pre-wrap break-words\">Easy Edge Index tilbyder v\u00e6rkt\u00f8jer og indsigt, der styrker din handelsstrategi:<\/p>\n<ul class=\"[&amp;:not(:last-child)_ul]:pb-1 [&amp;:not(:last-child)_ol]:pb-1 list-disc space-y-1.5 pl-7\">\n<li class=\"whitespace-normal break-words\">Hold dig opdateret: Udnyt live markedstal og nyhedsopdateringer<\/li>\n<li class=\"whitespace-normal break-words\">Styr risikoen: L\u00e6r at mestre bel\u00f8nningsforhold og undg\u00e5 store tab<\/li>\n<li class=\"whitespace-normal break-words\">Diversific\u00e9r intelligent: Byg balancerede portef\u00f8ljer p\u00e5 tv\u00e6rs af forskellige aktiver<\/li>\n<li class=\"whitespace-normal break-words\">F\u00e5 adgang til avancerede teknikker: Udforsk eksperternes strategier i takt med dine fremskridt<\/li>\n<\/ul>\n<p class=\"whitespace-pre-wrap break-words\">Vi tilbyder mere end blot viden\u2014vi giver dig et konkurrencem\u00e6ssigt forspring.<\/p>\n<h2 class=\"text-xl font-bold text-text-100 mt-1 -mb-0.5\">Tag Det F\u00f8rste Skridt I Dag<\/h2>\n<p class=\"whitespace-pre-wrap break-words\">Uanset dit udgangspunkt hj\u00e6lper Easy Edge Index dig med at l\u00e6re, handle og trives. Bliv en del af vores globale f\u00e6llesskab og udfold dit potentiale i den sp\u00e6ndende verden af kryptohandel.<\/p>\n","protected":false},"excerpt":{"rendered":"<p>Din Betroede Partner til Kryptohandel er din betroede partner inden for kryptohandel og -uddannelse. Vi styrker handlende p\u00e5 alle niveauer med den viden, de v\u00e6rkt\u00f8jer og strategier, der er n\u00f8dvendige for at lykkes p\u00e5 nutidens hurtigt bev\u00e6gende kryptomarkeder. Uanset om du tager dine f\u00f8rste skridt eller finpudser din tilgang, guider vi dig p\u00e5 hele rejsen. [&hellip;]<\/p>\n","protected":false},"author":2,"featured_media":0,"parent":0,"menu_order":0,"comment_status":"closed","ping_status":"closed","template":"page-about.php","meta":{"footnotes":""},"class_list":["post-671","page","type-page","status-publish","hentry"],"yoast_head":"<!-- This site is optimized with the Yoast SEO plugin v26.9 - https:\/\/yoast.com\/product\/yoast-seo-wordpress\/ -->\n<title>Easy Edge Index \u2122 | Offici\u00eble website 2026 | Claim nu!<\/title>\n<meta name=\"robots\" content=\"index, follow, max-snippet:-1, max-image-preview:large, max-video-preview:-1\" \/>\n<meta property=\"og:locale\" content=\"da_DK\" \/>\n<meta property=\"og:site_name\" content=\"Easy Edge Index\" \/>\n<meta property=\"article:modified_time\" content=\"2025-07-03T10:08:47+00:00\" \/>\n<meta name=\"twitter:card\" content=\"summary_large_image\" \/>\n<meta name=\"twitter:label1\" content=\"Estimeret l\u00e6setid\" \/>\n\t<meta name=\"twitter:data1\" content=\"2 minutter\" \/>\n<!-- \/ Yoast SEO plugin. -->","yoast_head_json":{"title":"Easy Edge Index \u2122 | Offici\u00eble website 2026 | Claim nu!","robots":{"index":"index","follow":"follow","max-snippet":"max-snippet:-1","max-image-preview":"max-image-preview:large","max-video-preview":"max-video-preview:-1"},"og_locale":"da_DK","og_site_name":"Easy Edge Index","article_modified_time":"2025-07-03T10:08:47+00:00","twitter_card":"summary_large_image","twitter_misc":{"Estimeret l\u00e6setid":"2 minutter"},"schema":{"@context":"https:\/\/schema.org","@graph":[{"@type":"WebPage","@id":"https:\/\/bitcoinneonx.com\/da\/about-us\/","url":"https:\/\/bitcoinneonx.com\/da\/about-us\/","name":"Om os - Easy Edge Index","isPartOf":{"@id":"https:\/\/bitcoinneonx.com\/#website"},"datePublished":"2023-06-21T11:29:38+00:00","dateModified":"2025-07-03T10:08:47+00:00","breadcrumb":{"@id":"https:\/\/bitcoinneonx.com\/da\/about-us\/#breadcrumb"},"inLanguage":"da-DK","potentialAction":[{"@type":"ReadAction","target":["https:\/\/bitcoinneonx.com\/da\/about-us\/"]}]},{"@type":"BreadcrumbList","@id":"https:\/\/bitcoinneonx.com\/da\/about-us\/#breadcrumb","itemListElement":[{"@type":"ListItem","position":1,"name":"Home","item":"https:\/\/bitcoinneonx.com\/"},{"@type":"ListItem","position":2,"name":"Om os"}]},{"@type":"WebSite","@id":"https:\/\/bitcoinneonx.com\/#website","url":"https:\/\/bitcoinneonx.com\/","name":"Easy Edge Index","description":"Master Trading, Maximize Earnings [2025]","potentialAction":[{"@type":"SearchAction","target":{"@type":"EntryPoint","urlTemplate":"https:\/\/bitcoinneonx.com\/?s={search_term_string}"},"query-input":{"@type":"PropertyValueSpecification","valueRequired":true,"valueName":"search_term_string"}}],"inLanguage":"da-DK"}]}},"_links":{"self":[{"href":"https:\/\/bitcoinneonx.com\/da\/wp-json\/wp\/v2\/pages\/671","targetHints":{"allow":["GET"]}}],"collection":[{"href":"https:\/\/bitcoinneonx.com\/da\/wp-json\/wp\/v2\/pages"}],"about":[{"href":"https:\/\/bitcoinneonx.com\/da\/wp-json\/wp\/v2\/types\/page"}],"author":[{"embeddable":true,"href":"https:\/\/bitcoinneonx.com\/da\/wp-json\/wp\/v2\/users\/2"}],"replies":[{"embeddable":true,"href":"https:\/\/bitcoinneonx.com\/da\/wp-json\/wp\/v2\/comments?post=671"}],"version-history":[{"count":1,"href":"https:\/\/bitcoinneonx.com\/da\/wp-json\/wp\/v2\/pages\/671\/revisions"}],"predecessor-version":[{"id":684,"href":"https:\/\/bitcoinneonx.com\/da\/wp-json\/wp\/v2\/pages\/671\/revisions\/684"}],"wp:attachment":[{"href":"https:\/\/bitcoinneonx.com\/da\/wp-json\/wp\/v2\/media?parent=671"}],"curies":[{"name":"wp","href":"https:\/\/api.w.org\/{rel}","templated":true}]}}