{"id":673,"date":"2023-06-21T11:29:38","date_gmt":"2023-06-21T11:29:38","guid":{"rendered":"https:\/\/bitcoinneonx.com\/about-us\/"},"modified":"2025-07-03T10:07:06","modified_gmt":"2025-07-03T10:07:06","slug":"about-us","status":"publish","type":"page","link":"https:\/\/bitcoinneonx.com\/fr\/about-us\/","title":{"rendered":"\u00c0 propos de nous"},"content":{"rendered":"<h2 class=\"text-xl font-bold text-text-100 mt-1 -mb-0.5\">Votre partenaire de confiance pour le trading de crypto-monnaies<\/h2>\n<p class=\"whitespace-pre-wrap break-words\">Easy Edge Index est votre partenaire de confiance pour le trading et la formation en crypto-monnaies. Nous donnons aux traders de tous niveaux les connaissances, les outils et les strat\u00e9gies n\u00e9cessaires pour r\u00e9ussir sur les march\u00e9s des cryptomonnaies en constante \u00e9volution. Que vous fassiez vos premiers pas ou que vous cherchiez \u00e0 affiner votre approche, nous vous accompagnons \u00e0 chaque \u00e9tape.<\/p>\n<h2 class=\"text-xl font-bold text-text-100 mt-1 -mb-0.5\">Notre histoire<\/h2>\n<p class=\"whitespace-pre-wrap break-words\">Easy Edge Index a \u00e9t\u00e9 fond\u00e9 par une \u00e9quipe de traders chevronn\u00e9s, d\u2019enseignants et d\u2019experts technologiques anim\u00e9s par une mission commune : rendre le trading de crypto-monnaies simple, accessible et rentable.<\/p>\n<p class=\"whitespace-pre-wrap break-words\">Nous avons identifi\u00e9 un manque crucial sur le march\u00e9. Malgr\u00e9 des opportunit\u00e9s abondantes, une formation claire et fiable restait rare. Trop de d\u00e9butants entraient sur le march\u00e9 sans accompagnement ad\u00e9quat, ce qui entra\u00eenait de co\u00fbteuses erreurs. Nous avons cr\u00e9\u00e9 Easy Edge Index pour changer cela.<\/p>\n<p class=\"whitespace-pre-wrap break-words\">Notre plateforme allie des ann\u00e9es d&rsquo;exp\u00e9rience sur les march\u00e9s \u00e0 des m\u00e9thodes p\u00e9dagogiques \u00e9prouv\u00e9es. Aujourd\u2019hui, Easy Edge Index est une r\u00e9f\u00e9rence de confiance dans l\u2019\u00e9ducation crypto et le trading intelligent, \u00e9voluant sans cesse pour servir notre communaut\u00e9 mondiale grandissante.<\/p>\n<h2 class=\"text-xl font-bold text-text-100 mt-1 -mb-0.5\">Les fondations de la cryptomonnaie<\/h2>\n<p class=\"whitespace-pre-wrap break-words\">Le Bitcoin a \u00e9merg\u00e9 en 2009, cr\u00e9\u00e9 par Satoshi Nakamoto avec une vision r\u00e9volutionnaire : une monnaie num\u00e9rique d\u00e9centralis\u00e9e, ind\u00e9pendante des banques et du contr\u00f4le des gouvernements.<\/p>\n<p class=\"whitespace-pre-wrap break-words\">Cette innovation a introduit la technologie blockchain \u2014 un registre transparent et infalsifiable qui consigne toutes les transactions. L\u2019\u00e9cosyst\u00e8me crypto s\u2019est ensuite d\u00e9velopp\u00e9 rapidement :<\/p>\n<p class=\"whitespace-pre-wrap break-words\">Ethereum a apport\u00e9 les contrats intelligents et les applications d\u00e9centralis\u00e9es. Litecoin, Ripple et Cardano ont chacun introduit des fonctionnalit\u00e9s uniques, augmentant les possibilit\u00e9s de la blockchain.<\/p>\n<p class=\"whitespace-pre-wrap break-words\">Aujourd\u2019hui, des milliers d\u2019actifs cryptographiques offrent d\u2019innombrables opportunit\u00e9s de trading.<\/p>\n<h2 class=\"text-xl font-bold text-text-100 mt-1 -mb-0.5\">Nos trois piliers du succ\u00e8s<\/h2>\n<h3 class=\"text-lg font-bold text-text-100 mt-1 -mb-1.5\">Formation : Le savoir source de profits<\/h3>\n<p class=\"whitespace-pre-wrap break-words\">Notre plateforme propose des outils p\u00e9dagogiques adapt\u00e9s \u00e0 tous les niveaux d\u2019exp\u00e9rience&nbsp;:<\/p>\n<ul class=\"[&amp;:not(:last-child)_ul]:pb-1 [&amp;:not(:last-child)_ol]:pb-1 list-disc space-y-1.5 pl-7\">\n<li class=\"whitespace-normal break-words\">Notions de base : Fondements de la blockchain, portefeuilles, concepts cl\u00e9s<\/li>\n<li class=\"whitespace-normal break-words\">Analyse technique : Lecture des graphiques, figures, indicateurs essentiels<\/li>\n<li class=\"whitespace-normal break-words\">Strat\u00e9gies de trading : Day trading, swing trading, investissement \u00e0 long terme<\/li>\n<li class=\"whitespace-normal break-words\">Gestion des risques : Pr\u00e9servation du capital sur des march\u00e9s volatils<\/li>\n<\/ul>\n<p class=\"whitespace-pre-wrap break-words\">Progressez du niveau d\u00e9butant au niveau professionnel \u00e0 votre rythme.<\/p>\n<h3 class=\"text-lg font-bold text-text-100 mt-1 -mb-1.5\">Communaut\u00e9 : La force du collectif<\/h3>\n<p class=\"whitespace-pre-wrap break-words\">Rejoignez notre communaut\u00e9 dynamique de traders crypto via&nbsp;:<\/p>\n<ul class=\"[&amp;:not(:last-child)_ul]:pb-1 [&amp;:not(:last-child)_ol]:pb-1 list-disc space-y-1.5 pl-7\">\n<li class=\"whitespace-normal break-words\">Forums de discussion<\/li>\n<li class=\"whitespace-normal break-words\">Webinaires en direct<\/li>\n<li class=\"whitespace-normal break-words\">Sessions de questions\/r\u00e9ponses<\/li>\n<li class=\"whitespace-normal break-words\">Groupes de partage de strat\u00e9gies<\/li>\n<\/ul>\n<p class=\"whitespace-pre-wrap break-words\">B\u00e9n\u00e9ficiez du soutien de traders ayant un parcours similaire au v\u00f4tre, avec notre \u00e9quipe d\u2019experts toujours disponible pour r\u00e9pondre \u00e0 vos questions.<\/p>\n<h3 class=\"text-lg font-bold text-text-100 mt-1 -mb-1.5\">Strat\u00e9gie : D\u00e9veloppez votre avantage<\/h3>\n<p class=\"whitespace-pre-wrap break-words\">Easy Edge Index met \u00e0 votre disposition des outils et des analyses pour perfectionner votre strat\u00e9gie&nbsp;:<\/p>\n<ul class=\"[&amp;:not(:last-child)_ul]:pb-1 [&amp;:not(:last-child)_ol]:pb-1 list-disc space-y-1.5 pl-7\">\n<li class=\"whitespace-normal break-words\">Restez inform\u00e9&nbsp;: Profitez de donn\u00e9es de march\u00e9 en temps r\u00e9el et d&rsquo;actualit\u00e9s<\/li>\n<li class=\"whitespace-normal break-words\">Ma\u00eetrisez votre risque&nbsp;: Apprenez \u00e0 optimiser le ratio rendement\/risque et \u00e0 \u00e9viter les pertes majeures<\/li>\n<li class=\"whitespace-normal break-words\">Diversifiez intelligemment&nbsp;: Constituez des portefeuilles \u00e9quilibr\u00e9s sur plusieurs actifs<\/li>\n<li class=\"whitespace-normal break-words\">Acc\u00e9dez \u00e0 des techniques avanc\u00e9es&nbsp;: D\u00e9couvrez des strat\u00e9gies d\u2019experts au fil de votre progression<\/li>\n<\/ul>\n<p class=\"whitespace-pre-wrap break-words\">Nous offrons bien plus qu\u2019une formation \u2013 nous vous conf\u00e9rons un v\u00e9ritable avantage comp\u00e9titif.<\/p>\n<h2 class=\"text-xl font-bold text-text-100 mt-1 -mb-0.5\">Commencez votre parcours d\u00e8s aujourd\u2019hui<\/h2>\n<p class=\"whitespace-pre-wrap break-words\">Quel que soit votre point de d\u00e9part, Easy Edge Index vous aide \u00e0 apprendre, trader et prosp\u00e9rer. Rejoignez notre communaut\u00e9 mondiale et r\u00e9v\u00e9lez pleinement votre potentiel dans l&rsquo;univers passionnant du trading de crypto-monnaies.<\/p>\n","protected":false},"excerpt":{"rendered":"<p>Votre partenaire de confiance pour le trading de crypto-monnaies est votre partenaire de confiance pour le trading et la formation en crypto-monnaies. Nous donnons aux traders de tous niveaux les connaissances, les outils et les strat\u00e9gies n\u00e9cessaires pour r\u00e9ussir sur les march\u00e9s des cryptomonnaies en constante \u00e9volution. Que vous fassiez vos premiers pas ou que [&hellip;]<\/p>\n","protected":false},"author":2,"featured_media":0,"parent":0,"menu_order":0,"comment_status":"closed","ping_status":"closed","template":"page-about.php","meta":{"footnotes":""},"class_list":["post-673","page","type-page","status-publish","hentry"],"yoast_head":"<!-- This site is optimized with the Yoast SEO plugin v26.9 - https:\/\/yoast.com\/product\/yoast-seo-wordpress\/ -->\n<title>Easy Edge Index \u2122 | Offici\u00eble website 2026 | Claim nu!<\/title>\n<meta name=\"robots\" content=\"index, follow, max-snippet:-1, max-image-preview:large, max-video-preview:-1\" \/>\n<meta property=\"og:locale\" content=\"fr_FR\" \/>\n<meta property=\"og:site_name\" content=\"Easy Edge Index\" \/>\n<meta property=\"article:modified_time\" content=\"2025-07-03T10:07:06+00:00\" \/>\n<meta name=\"twitter:card\" content=\"summary_large_image\" \/>\n<meta name=\"twitter:label1\" content=\"Dur\u00e9e de lecture estim\u00e9e\" \/>\n\t<meta name=\"twitter:data1\" content=\"3 minutes\" \/>\n<!-- \/ Yoast SEO plugin. -->","yoast_head_json":{"title":"Easy Edge Index \u2122 | Offici\u00eble website 2026 | Claim nu!","robots":{"index":"index","follow":"follow","max-snippet":"max-snippet:-1","max-image-preview":"max-image-preview:large","max-video-preview":"max-video-preview:-1"},"og_locale":"fr_FR","og_site_name":"Easy Edge Index","article_modified_time":"2025-07-03T10:07:06+00:00","twitter_card":"summary_large_image","twitter_misc":{"Dur\u00e9e de lecture estim\u00e9e":"3 minutes"},"schema":{"@context":"https:\/\/schema.org","@graph":[{"@type":"WebPage","@id":"https:\/\/bitcoinneonx.com\/fr\/about-us\/","url":"https:\/\/bitcoinneonx.com\/fr\/about-us\/","name":"\u00c0 propos de nous - Easy Edge Index","isPartOf":{"@id":"https:\/\/bitcoinneonx.com\/#website"},"datePublished":"2023-06-21T11:29:38+00:00","dateModified":"2025-07-03T10:07:06+00:00","breadcrumb":{"@id":"https:\/\/bitcoinneonx.com\/fr\/about-us\/#breadcrumb"},"inLanguage":"fr-FR","potentialAction":[{"@type":"ReadAction","target":["https:\/\/bitcoinneonx.com\/fr\/about-us\/"]}]},{"@type":"BreadcrumbList","@id":"https:\/\/bitcoinneonx.com\/fr\/about-us\/#breadcrumb","itemListElement":[{"@type":"ListItem","position":1,"name":"Home","item":"https:\/\/bitcoinneonx.com\/"},{"@type":"ListItem","position":2,"name":"\u00c0 propos de nous"}]},{"@type":"WebSite","@id":"https:\/\/bitcoinneonx.com\/#website","url":"https:\/\/bitcoinneonx.com\/","name":"Easy Edge Index","description":"Master Trading, Maximize Earnings [2025]","potentialAction":[{"@type":"SearchAction","target":{"@type":"EntryPoint","urlTemplate":"https:\/\/bitcoinneonx.com\/?s={search_term_string}"},"query-input":{"@type":"PropertyValueSpecification","valueRequired":true,"valueName":"search_term_string"}}],"inLanguage":"fr-FR"}]}},"_links":{"self":[{"href":"https:\/\/bitcoinneonx.com\/fr\/wp-json\/wp\/v2\/pages\/673","targetHints":{"allow":["GET"]}}],"collection":[{"href":"https:\/\/bitcoinneonx.com\/fr\/wp-json\/wp\/v2\/pages"}],"about":[{"href":"https:\/\/bitcoinneonx.com\/fr\/wp-json\/wp\/v2\/types\/page"}],"author":[{"embeddable":true,"href":"https:\/\/bitcoinneonx.com\/fr\/wp-json\/wp\/v2\/users\/2"}],"replies":[{"embeddable":true,"href":"https:\/\/bitcoinneonx.com\/fr\/wp-json\/wp\/v2\/comments?post=673"}],"version-history":[{"count":1,"href":"https:\/\/bitcoinneonx.com\/fr\/wp-json\/wp\/v2\/pages\/673\/revisions"}],"predecessor-version":[{"id":680,"href":"https:\/\/bitcoinneonx.com\/fr\/wp-json\/wp\/v2\/pages\/673\/revisions\/680"}],"wp:attachment":[{"href":"https:\/\/bitcoinneonx.com\/fr\/wp-json\/wp\/v2\/media?parent=673"}],"curies":[{"name":"wp","href":"https:\/\/api.w.org\/{rel}","templated":true}]}}