{"id":677,"date":"2023-06-21T11:29:38","date_gmt":"2023-06-21T11:29:38","guid":{"rendered":"https:\/\/bitcoinneonx.com\/about-us\/"},"modified":"2025-07-03T10:10:00","modified_gmt":"2025-07-03T10:10:00","slug":"about-us","status":"publish","type":"page","link":"https:\/\/bitcoinneonx.com\/pt-pt\/about-us\/","title":{"rendered":"Sobre N\u00f3s"},"content":{"rendered":"<h2 class=\"text-xl font-bold text-text-100 mt-1 -mb-0.5\">O Seu Parceiro de Confian\u00e7a para Trading de Criptomoedas<\/h2>\n<p class=\"whitespace-pre-wrap break-words\">Easy Edge Index \u00e9 o seu parceiro de confian\u00e7a para trading e educa\u00e7\u00e3o em criptomoedas. Empoderamos traders de todos os n\u00edveis de experi\u00eancia com conhecimento, ferramentas e estrat\u00e9gias essenciais para alcan\u00e7ar o sucesso nos mercados de criptomoedas mais din\u00e2micos da atualidade. Quer esteja a dar os primeiros passos ou a aperfei\u00e7oar o seu m\u00e9todo, orientamo-lo em cada etapa do processo.<\/p>\n<h2 class=\"text-xl font-bold text-text-100 mt-1 -mb-0.5\">A Nossa Hist\u00f3ria<\/h2>\n<p class=\"whitespace-pre-wrap break-words\">Easy Edge Index foi fundado por uma equipa de traders veteranos, formadores e especialistas em tecnologia unidos por uma miss\u00e3o: tornar o trading de criptomoedas simples, acess\u00edvel e rent\u00e1vel.<\/p>\n<p class=\"whitespace-pre-wrap break-words\">Reconhecemos uma lacuna cr\u00edtica no mercado. Apesar das muitas oportunidades, a educa\u00e7\u00e3o clara e fi\u00e1vel era escassa. Demasiados principiantes entravam no mercado sem a devida orienta\u00e7\u00e3o, levando a erros dispendiosos. Cri\u00e1mos o Easy Edge Index para mudar essa realidade.<\/p>\n<p class=\"whitespace-pre-wrap break-words\">A nossa plataforma alia anos de experi\u00eancia nos mercados a m\u00e9todos pedag\u00f3gicos comprovados. Atualmente, o Easy Edge Index \u00e9 uma refer\u00eancia de confian\u00e7a na forma\u00e7\u00e3o em criptomoedas e trading inteligente, evoluindo continuamente para servir uma comunidade global em expans\u00e3o.<\/p>\n<h2 class=\"text-xl font-bold text-text-100 mt-1 -mb-0.5\">A Funda\u00e7\u00e3o das Criptomoedas<\/h2>\n<p class=\"whitespace-pre-wrap break-words\">O Bitcoin foi lan\u00e7ado em 2009, criado por Satoshi Nakamoto com uma vis\u00e3o revolucion\u00e1ria: uma moeda digital descentralizada, livre do controlo de bancos e governos.<\/p>\n<p class=\"whitespace-pre-wrap break-words\">Esta inova\u00e7\u00e3o introduziu a tecnologia blockchain \u2014 um registo transparente e inviol\u00e1vel de todas as transa\u00e7\u00f5es. O setor das criptomoedas expandiu-se rapidamente a partir da\u00ed:<\/p>\n<p class=\"whitespace-pre-wrap break-words\">A Ethereum trouxe contratos inteligentes e aplica\u00e7\u00f5es descentralizadas. Litecoin, Ripple e Cardano apresentaram funcionalidades \u00fanicas, ampliando as possibilidades da blockchain.<\/p>\n<p class=\"whitespace-pre-wrap break-words\">Atualmente, milhares de ativos cripto oferecem in\u00fameras oportunidades de trading.<\/p>\n<h2 class=\"text-xl font-bold text-text-100 mt-1 -mb-0.5\">Os Nossos Tr\u00eas Pilares do Sucesso<\/h2>\n<h3 class=\"text-lg font-bold text-text-100 mt-1 -mb-1.5\">Educa\u00e7\u00e3o: Conhecimento Que Impulsiona Lucros<\/h3>\n<p class=\"whitespace-pre-wrap break-words\">A nossa plataforma fornece recursos educativos para todos os n\u00edveis de experi\u00eancia:<\/p>\n<ul class=\"[&amp;:not(:last-child)_ul]:pb-1 [&amp;:not(:last-child)_ol]:pb-1 list-disc space-y-1.5 pl-7\">\n<li class=\"whitespace-normal break-words\">Fundamentos das Criptomoedas: Princ\u00edpios da blockchain, carteiras e conceitos essenciais<\/li>\n<li class=\"whitespace-normal break-words\">An\u00e1lise T\u00e9cnica: Interpreta\u00e7\u00e3o de gr\u00e1ficos, padr\u00f5es e indicadores fundamentais<\/li>\n<li class=\"whitespace-normal break-words\">Estrat\u00e9gias de Trading: Day trading, swing trading e investimento a longo prazo<\/li>\n<li class=\"whitespace-normal break-words\">Gest\u00e3o de Risco: Prote\u00e7\u00e3o do capital em mercados vol\u00e1teis<\/li>\n<\/ul>\n<p class=\"whitespace-pre-wrap break-words\">Evolua de principiante a profissional ao seu pr\u00f3prio ritmo.<\/p>\n<h3 class=\"text-lg font-bold text-text-100 mt-1 -mb-1.5\">Comunidade: A For\u00e7a dos N\u00fameros<\/h3>\n<p class=\"whitespace-pre-wrap break-words\">Junte-se \u00e0 nossa comunidade ativa de traders de criptomoedas atrav\u00e9s de:<\/p>\n<ul class=\"[&amp;:not(:last-child)_ul]:pb-1 [&amp;:not(:last-child)_ol]:pb-1 list-disc space-y-1.5 pl-7\">\n<li class=\"whitespace-normal break-words\">F\u00f3runs de discuss\u00e3o<\/li>\n<li class=\"whitespace-normal break-words\">Webinars em direto<\/li>\n<li class=\"whitespace-normal break-words\">Sess\u00f5es de perguntas e respostas<\/li>\n<li class=\"whitespace-normal break-words\">Grupos de partilha de estrat\u00e9gias<\/li>\n<\/ul>\n<p class=\"whitespace-pre-wrap break-words\">Encontre apoio junto de traders como voc\u00ea, contando sempre com a nossa equipa de especialistas para esclarecer d\u00favidas.<\/p>\n<h3 class=\"text-lg font-bold text-text-100 mt-1 -mb-1.5\">Estrat\u00e9gia: A Sua Vantagem Competitiva<\/h3>\n<p class=\"whitespace-pre-wrap break-words\">Easy Edge Index disponibiliza ferramentas e insights para elevar a sua estrat\u00e9gia de trading:<\/p>\n<ul class=\"[&amp;:not(:last-child)_ul]:pb-1 [&amp;:not(:last-child)_ol]:pb-1 list-disc space-y-1.5 pl-7\">\n<li class=\"whitespace-normal break-words\">Mantenha-se Informado: Utilize dados de mercado em tempo real e atualiza\u00e7\u00f5es de not\u00edcias<\/li>\n<li class=\"whitespace-normal break-words\">Gest\u00e3o de Risco: Domine os r\u00e1cios de retorno e evite perdas significativas<\/li>\n<li class=\"whitespace-normal break-words\">Diversifique com Intelig\u00eancia: Construa portef\u00f3lios equilibrados entre diferentes ativos<\/li>\n<li class=\"whitespace-normal break-words\">Aceda a T\u00e9cnicas Avan\u00e7adas: Explore estrat\u00e9gias de especialistas \u00e0 medida que evolui<\/li>\n<\/ul>\n<p class=\"whitespace-pre-wrap break-words\">Oferecemos mais do que forma\u00e7\u00e3o \u2014 proporcionamos uma vantagem competitiva.<\/p>\n<h2 class=\"text-xl font-bold text-text-100 mt-1 -mb-0.5\">Comece a Sua Jornada Hoje<\/h2>\n<p class=\"whitespace-pre-wrap break-words\">Independentemente do seu ponto de partida, o Easy Edge Index ajuda-o a aprender, negociar e prosperar. Junte-se \u00e0 nossa comunidade global e desbloqueie o seu potencial no mundo entusiasmante do trading de criptomoedas.<\/p>\n","protected":false},"excerpt":{"rendered":"<p>O Seu Parceiro de Confian\u00e7a para Trading de Criptomoedas \u00e9 o seu parceiro de confian\u00e7a para trading e educa\u00e7\u00e3o em criptomoedas. Empoderamos traders de todos os n\u00edveis de experi\u00eancia com conhecimento, ferramentas e estrat\u00e9gias essenciais para alcan\u00e7ar o sucesso nos mercados de criptomoedas mais din\u00e2micos da atualidade. Quer esteja a dar os primeiros passos ou [&hellip;]<\/p>\n","protected":false},"author":2,"featured_media":0,"parent":0,"menu_order":0,"comment_status":"closed","ping_status":"closed","template":"page-about.php","meta":{"footnotes":""},"class_list":["post-677","page","type-page","status-publish","hentry"],"yoast_head":"<!-- This site is optimized with the Yoast SEO plugin v26.9 - https:\/\/yoast.com\/product\/yoast-seo-wordpress\/ -->\n<title>Easy Edge Index \u2122 | Offici\u00eble website 2026 | Claim nu!<\/title>\n<meta name=\"robots\" content=\"index, follow, max-snippet:-1, max-image-preview:large, max-video-preview:-1\" \/>\n<meta property=\"og:locale\" content=\"pt_PT\" \/>\n<meta property=\"og:site_name\" content=\"Easy Edge Index\" \/>\n<meta property=\"article:modified_time\" content=\"2025-07-03T10:10:00+00:00\" \/>\n<meta name=\"twitter:card\" content=\"summary_large_image\" \/>\n<meta name=\"twitter:label1\" content=\"Tempo estimado de leitura\" \/>\n\t<meta name=\"twitter:data1\" content=\"3 minutos\" \/>\n<!-- \/ Yoast SEO plugin. -->","yoast_head_json":{"title":"Easy Edge Index \u2122 | Offici\u00eble website 2026 | Claim nu!","robots":{"index":"index","follow":"follow","max-snippet":"max-snippet:-1","max-image-preview":"max-image-preview:large","max-video-preview":"max-video-preview:-1"},"og_locale":"pt_PT","og_site_name":"Easy Edge Index","article_modified_time":"2025-07-03T10:10:00+00:00","twitter_card":"summary_large_image","twitter_misc":{"Tempo estimado de leitura":"3 minutos"},"schema":{"@context":"https:\/\/schema.org","@graph":[{"@type":"WebPage","@id":"https:\/\/bitcoinneonx.com\/pt-pt\/about-us\/","url":"https:\/\/bitcoinneonx.com\/pt-pt\/about-us\/","name":"Sobre N\u00f3s - Easy Edge Index","isPartOf":{"@id":"https:\/\/bitcoinneonx.com\/#website"},"datePublished":"2023-06-21T11:29:38+00:00","dateModified":"2025-07-03T10:10:00+00:00","breadcrumb":{"@id":"https:\/\/bitcoinneonx.com\/pt-pt\/about-us\/#breadcrumb"},"inLanguage":"pt-PT","potentialAction":[{"@type":"ReadAction","target":["https:\/\/bitcoinneonx.com\/pt-pt\/about-us\/"]}]},{"@type":"BreadcrumbList","@id":"https:\/\/bitcoinneonx.com\/pt-pt\/about-us\/#breadcrumb","itemListElement":[{"@type":"ListItem","position":1,"name":"Home","item":"https:\/\/bitcoinneonx.com\/"},{"@type":"ListItem","position":2,"name":"Sobre N\u00f3s"}]},{"@type":"WebSite","@id":"https:\/\/bitcoinneonx.com\/#website","url":"https:\/\/bitcoinneonx.com\/","name":"Easy Edge Index","description":"Master Trading, Maximize Earnings [2025]","potentialAction":[{"@type":"SearchAction","target":{"@type":"EntryPoint","urlTemplate":"https:\/\/bitcoinneonx.com\/?s={search_term_string}"},"query-input":{"@type":"PropertyValueSpecification","valueRequired":true,"valueName":"search_term_string"}}],"inLanguage":"pt-PT"}]}},"_links":{"self":[{"href":"https:\/\/bitcoinneonx.com\/pt-pt\/wp-json\/wp\/v2\/pages\/677","targetHints":{"allow":["GET"]}}],"collection":[{"href":"https:\/\/bitcoinneonx.com\/pt-pt\/wp-json\/wp\/v2\/pages"}],"about":[{"href":"https:\/\/bitcoinneonx.com\/pt-pt\/wp-json\/wp\/v2\/types\/page"}],"author":[{"embeddable":true,"href":"https:\/\/bitcoinneonx.com\/pt-pt\/wp-json\/wp\/v2\/users\/2"}],"replies":[{"embeddable":true,"href":"https:\/\/bitcoinneonx.com\/pt-pt\/wp-json\/wp\/v2\/comments?post=677"}],"version-history":[{"count":1,"href":"https:\/\/bitcoinneonx.com\/pt-pt\/wp-json\/wp\/v2\/pages\/677\/revisions"}],"predecessor-version":[{"id":688,"href":"https:\/\/bitcoinneonx.com\/pt-pt\/wp-json\/wp\/v2\/pages\/677\/revisions\/688"}],"wp:attachment":[{"href":"https:\/\/bitcoinneonx.com\/pt-pt\/wp-json\/wp\/v2\/media?parent=677"}],"curies":[{"name":"wp","href":"https:\/\/api.w.org\/{rel}","templated":true}]}}